{"id":2695,"date":"2022-06-09T08:39:54","date_gmt":"2022-06-09T06:39:54","guid":{"rendered":"https:\/\/partner.next2sun.com\/customer-account\/"},"modified":"2023-04-20T07:18:29","modified_gmt":"2023-04-20T05:18:29","slug":"customer-account","status":"publish","type":"page","link":"https:\/\/partner.next2sun.com\/en\/customer-account\/","title":{"rendered":"Customer account"},"content":{"rendered":"<p><span class=\"wppb-frontend-restriction-message wppb-content-restriction-message\">\t\t<div data-elementor-type=\"section\" data-elementor-id=\"2739\" class=\"elementor elementor-2739\" data-elementor-post-type=\"elementor_library\">\n\t\t\t\t\t<section class=\"elementor-section elementor-top-section elementor-element elementor-element-1444e072 elementor-section-height-min-height elementor-section-content-middle elementor-section-items-stretch elementor-reverse-mobile elementor-section-boxed elementor-section-height-default\" data-id=\"1444e072\" data-element_type=\"section\" data-e-type=\"section\" data-settings=\"{&quot;background_background&quot;:&quot;classic&quot;}\">\n\t\t\t\t\t\t<div class=\"elementor-container elementor-column-gap-default\">\n\t\t\t\t\t<div class=\"elementor-column elementor-col-50 elementor-top-column elementor-element elementor-element-1c6f1aa7\" data-id=\"1c6f1aa7\" data-element_type=\"column\" data-e-type=\"column\">\n\t\t\t<div class=\"elementor-widget-wrap elementor-element-populated\">\n\t\t\t\t\t\t<div class=\"elementor-element elementor-element-1f6ab0ac elementor-widget elementor-widget-heading\" data-id=\"1f6ab0ac\" data-element_type=\"widget\" data-e-type=\"widget\" data-widget_type=\"heading.default\">\n\t\t\t\t<div class=\"elementor-widget-container\">\n\t\t\t\t\t<h2 class=\"elementor-heading-title elementor-size-default\">Sorry!<\/h2>\t\t\t\t<\/div>\n\t\t\t\t<\/div>\n\t\t\t\t<div class=\"elementor-element elementor-element-6774b602 elementor-widget elementor-widget-heading\" data-id=\"6774b602\" data-element_type=\"widget\" data-e-type=\"widget\" data-widget_type=\"heading.default\">\n\t\t\t\t<div class=\"elementor-widget-container\">\n\t\t\t\t\t<h3 class=\"elementor-heading-title elementor-size-default\">Dieser Inhalt ist nur f\u00fcr eingeloggte User mit entsprechender Berechtigung zug\u00e4nglich.<\/h3>\t\t\t\t<\/div>\n\t\t\t\t<\/div>\n\t\t\t\t<div class=\"elementor-element elementor-element-799c0acc elementor-align-left elementor-widget elementor-widget-button\" data-id=\"799c0acc\" data-element_type=\"widget\" data-e-type=\"widget\" data-widget_type=\"button.default\">\n\t\t\t\t<div class=\"elementor-widget-container\">\n\t\t\t\t\t\t\t\t\t<div class=\"elementor-button-wrapper\">\n\t\t\t\t\t<a class=\"elementor-button elementor-button-link elementor-size-lg\" href=\"https:\/\/partner.next2sun.com\/en\/\">\n\t\t\t\t\t\t<span class=\"elementor-button-content-wrapper\">\n\t\t\t\t\t\t\t\t\t<span class=\"elementor-button-text\">Zur\u00fcck zur Startseite<\/span>\n\t\t\t\t\t<\/span>\n\t\t\t\t\t<\/a>\n\t\t\t\t<\/div>\n\t\t\t\t\t\t\t\t<\/div>\n\t\t\t\t<\/div>\n\t\t\t\t\t<\/div>\n\t\t<\/div>\n\t\t\t\t<div class=\"elementor-column elementor-col-50 elementor-top-column elementor-element elementor-element-678b7f86\" data-id=\"678b7f86\" data-element_type=\"column\" data-e-type=\"column\" data-settings=\"{&quot;background_background&quot;:&quot;classic&quot;}\">\n\t\t\t<div class=\"elementor-widget-wrap elementor-element-populated\">\n\t\t\t\t\t\t<div class=\"elementor-element elementor-element-2fcf312 elementor-widget elementor-widget-spacer\" data-id=\"2fcf312\" data-element_type=\"widget\" data-e-type=\"widget\" data-widget_type=\"spacer.default\">\n\t\t\t\t<div class=\"elementor-widget-container\">\n\t\t\t\t\t\t\t<div class=\"elementor-spacer\">\n\t\t\t<div class=\"elementor-spacer-inner\"><\/div>\n\t\t<\/div>\n\t\t\t\t\t\t<\/div>\n\t\t\t\t<\/div>\n\t\t\t\t\t<\/div>\n\t\t<\/div>\n\t\t\t\t\t<\/div>\n\t\t<\/section>\n\t\t\t\t<\/div>\n\t\t<\/span><\/p>\n","protected":false},"excerpt":{"rendered":"<p>Sorry! Dieser Inhalt ist nur f\u00fcr eingeloggte User mit entsprechender Berechtigung zug\u00e4nglich. Zur\u00fcck zur Startseite<\/p>\n","protected":false},"author":1,"featured_media":0,"parent":0,"menu_order":72,"comment_status":"closed","ping_status":"closed","template":"","meta":{"_acf_changed":false,"footnotes":""},"class_list":["post-2695","page","type-page","status-publish","hentry"],"acf":[],"_links":{"self":[{"href":"https:\/\/partner.next2sun.com\/en\/wp-json\/wp\/v2\/pages\/2695","targetHints":{"allow":["GET"]}}],"collection":[{"href":"https:\/\/partner.next2sun.com\/en\/wp-json\/wp\/v2\/pages"}],"about":[{"href":"https:\/\/partner.next2sun.com\/en\/wp-json\/wp\/v2\/types\/page"}],"author":[{"embeddable":true,"href":"https:\/\/partner.next2sun.com\/en\/wp-json\/wp\/v2\/users\/1"}],"replies":[{"embeddable":true,"href":"https:\/\/partner.next2sun.com\/en\/wp-json\/wp\/v2\/comments?post=2695"}],"version-history":[{"count":0,"href":"https:\/\/partner.next2sun.com\/en\/wp-json\/wp\/v2\/pages\/2695\/revisions"}],"wp:attachment":[{"href":"https:\/\/partner.next2sun.com\/en\/wp-json\/wp\/v2\/media?parent=2695"}],"curies":[{"name":"wp","href":"https:\/\/api.w.org\/{rel}","templated":true}]}}