{"id":2698,"date":"2022-08-20T08:00:47","date_gmt":"2022-08-20T06:00:47","guid":{"rendered":"https:\/\/partner.next2sun.com\/terms-conditions\/"},"modified":"2022-11-11T17:14:35","modified_gmt":"2022-11-11T15:14:35","slug":"terms-conditions","status":"publish","type":"page","link":"https:\/\/partner.next2sun.com\/en\/terms-conditions\/","title":{"rendered":"Terms &amp; Conditions"},"content":{"rendered":"\t\t<div data-elementor-type=\"wp-page\" data-elementor-id=\"2698\" class=\"elementor elementor-2698 elementor-693\" data-elementor-post-type=\"page\">\n\t\t\t\t\t\t<section class=\"elementor-section elementor-top-section elementor-element elementor-element-5ea88655 elementor-section-height-min-height elementor-section-content-bottom elementor-section-boxed elementor-section-height-default elementor-section-items-middle\" data-id=\"5ea88655\" data-element_type=\"section\" data-e-type=\"section\" data-settings=\"{&quot;background_background&quot;:&quot;classic&quot;}\">\n\t\t\t\t\t\t\t<div class=\"elementor-background-overlay\"><\/div>\n\t\t\t\t\t\t\t<div class=\"elementor-container elementor-column-gap-extended\">\n\t\t\t\t\t<div class=\"elementor-column elementor-col-100 elementor-top-column elementor-element elementor-element-6562e223\" data-id=\"6562e223\" data-element_type=\"column\" data-e-type=\"column\">\n\t\t\t<div class=\"elementor-widget-wrap elementor-element-populated\">\n\t\t\t\t\t\t<div class=\"elementor-element elementor-element-244333b5 elementor-widget elementor-widget-heading\" data-id=\"244333b5\" data-element_type=\"widget\" data-e-type=\"widget\" data-widget_type=\"heading.default\">\n\t\t\t\t<div class=\"elementor-widget-container\">\n\t\t\t\t\t<h1 class=\"elementor-heading-title elementor-size-default\">Terms &amp; Conditions<\/h1>\t\t\t\t<\/div>\n\t\t\t\t<\/div>\n\t\t\t\t\t<\/div>\n\t\t<\/div>\n\t\t\t\t\t<\/div>\n\t\t<\/section>\n\t\t\t\t<section class=\"elementor-section elementor-top-section elementor-element elementor-element-58717b0f elementor-section-content-middle elementor-section-boxed elementor-section-height-default elementor-section-height-default\" data-id=\"58717b0f\" data-element_type=\"section\" data-e-type=\"section\">\n\t\t\t\t\t\t\t<div class=\"elementor-background-overlay\"><\/div>\n\t\t\t\t\t\t\t<div class=\"elementor-container elementor-column-gap-wide\">\n\t\t\t\t\t<div class=\"elementor-column elementor-col-100 elementor-top-column elementor-element elementor-element-73e256e3\" data-id=\"73e256e3\" data-element_type=\"column\" data-e-type=\"column\">\n\t\t\t<div class=\"elementor-widget-wrap elementor-element-populated\">\n\t\t\t\t\t\t<div class=\"elementor-element elementor-element-557a52eb preheadline elementor-widget elementor-widget-heading\" data-id=\"557a52eb\" data-element_type=\"widget\" data-e-type=\"widget\" data-widget_type=\"heading.default\">\n\t\t\t\t<div class=\"elementor-widget-container\">\n\t\t\t\t\t<span class=\"elementor-heading-title elementor-size-default\">Unsere AGB<\/span>\t\t\t\t<\/div>\n\t\t\t\t<\/div>\n\t\t\t\t<div class=\"elementor-element elementor-element-10260578 elementor-widget elementor-widget-heading\" data-id=\"10260578\" data-element_type=\"widget\" data-e-type=\"widget\" data-widget_type=\"heading.default\">\n\t\t\t\t<div class=\"elementor-widget-container\">\n\t\t\t\t\t<h2 class=\"elementor-heading-title elementor-size-default\">Allgemeine Gesch\u00e4ftsbedingungen<\/h2>\t\t\t\t<\/div>\n\t\t\t\t<\/div>\n\t\t\t\t<div class=\"elementor-element elementor-element-29497292 elementor-widget elementor-widget-text-editor\" data-id=\"29497292\" data-element_type=\"widget\" data-e-type=\"widget\" data-widget_type=\"text-editor.default\">\n\t\t\t\t<div class=\"elementor-widget-container\">\n\t\t\t\t\t\t\t\t\t<p>Allgemeine Gesch\u00e4ftsbedingungen der Next2Sun Technology GmbH, g\u00fcltig ab 1.1.2022<\/p><p>Anbieter: Next2Sun AG (nachfolgend Next2Sun genannt)<br \/>Adresse: 66763 Dillingen, Franz-Meguin-Str. 10a<br \/>HRB 108025 | Amtsgericht Saarbr\u00fccken<br \/>E-Mail: <a href=\"mailto:info@next2sun.de\">info@next2sun.de<\/a><\/p>\t\t\t\t\t\t\t\t<\/div>\n\t\t\t\t<\/div>\n\t\t\t\t<div class=\"elementor-element elementor-element-1d427eca elementor-widget-divider--view-line elementor-widget elementor-widget-divider\" data-id=\"1d427eca\" data-element_type=\"widget\" data-e-type=\"widget\" data-widget_type=\"divider.default\">\n\t\t\t\t<div class=\"elementor-widget-container\">\n\t\t\t\t\t\t\t<div class=\"elementor-divider\">\n\t\t\t<span class=\"elementor-divider-separator\">\n\t\t\t\t\t\t<\/span>\n\t\t<\/div>\n\t\t\t\t\t\t<\/div>\n\t\t\t\t<\/div>\n\t\t\t\t<div class=\"elementor-element elementor-element-414005e3 agb-text elementor-widget elementor-widget-text-editor\" data-id=\"414005e3\" data-element_type=\"widget\" data-e-type=\"widget\" data-widget_type=\"text-editor.default\">\n\t\t\t\t<div class=\"elementor-widget-container\">\n\t\t\t\t\t\t\t\t\t<h4>1. Allgemeines<\/h4>\nVertragsabschluss und Leistungen erfolgen ausschlie\u00dflich auf Grund dieser AGBs. \u00c4nderungen haben schriftlich zu erfolgen.\n<h4>2. Angebote<\/h4>\nDie erstellten Angebote sind 7 Tage g\u00fcltig und gelten nur in urkundlicher Form, m\u00fcndliche Zusagen sind nicht g\u00fcltig. Ein l\u00e4ngerer G\u00fcltigkeitszeitraum muss urkundlich festgehalten werden. Der dem Angebot zugrunde gelegte Kostenvoranschlag erfolgt ohne Gew\u00e4hr.\n<h4>3. Leistungen<\/h4>\nDas Angebot enth\u00e4lt den Umfang der Leistung und wird durch Next2Sun oder durch Dritte ausgef\u00fchrt. Unvorhergesehene Leistungen bzw. Mehrkosten, die im Angebot nicht ber\u00fccksichtigt wurden sind vom Auftraggeber zu \u00fcbernehmen.\n<h4>4. Zahlungsbedingungen<\/h4>\nDie Preise verstehen sich inkl. der jeweils geltenden gesetzlichen Mehrwertsteuer. Zahlungskonditionen: 80% Anzahlung und 20% bei Inbetriebnahme. Die Ware bleibt bis zur Vollst\u00e4ndigen Bezahlung unser Eigentum. Bei Vertragsr\u00fccktritt vor Beginn der Ausf\u00fchrungsarbeiten\/Montagearbeiten ist eine Stornogeb\u00fchr von 10% der Auftragssumme zu bezahlen. Die Geltendmachung eines h\u00f6heren Entgeltes (zum Beispiel wegen bereits get\u00e4tigter Materialeink\u00e4ufe) bleibt vorbehalten. Bei einem sp\u00e4ter erfolgten R\u00fccktritt ist Next2Sun berechtigt das vereinbarte Entgelt gem. \u00a7 1168 ABGB zu verlangen. Der Preis der PV-Module kann schwanken. Sollten andere Zahlungsvereinbarungen gelten m\u00fcssen diese schriftlich festgehalten werden.\n<h4>5. Montage- und Lieferleistungen \u2013 Voraussetzungen<\/h4>\nNach Auslieferung der Ware, muss diese vom Kunden versperrt gelagert werden, die Haftung liegt beim Kunden.\n<h4>6. Lieferfristen<\/h4>\nNur wenn Termine und Fristen schriftlich vereinbart wurden, gelten diese als bindend. Jegliche Schadenersatzforderungen, die aus Lieferverz\u00f6gerungen resultieren, sind ausgeschlossen.\n<h4>7. Eigentumsvorbehalt<\/h4>\nDie Ware bleibt bis zur vollst\u00e4ndigen Bezahlung Eigentum der Next2Sun. Bei Zahlungsverzug oder anderen Pflichtverletzungen des Kunden behalten wir uns das Recht vor vom Vertrag zur\u00fcckzutreten. Demontagekosten und Ablieferungskosten sind vom Kunden zu tragen.\n<h4>8. Gew\u00e4hrleistung<\/h4>\nEs gelten die gesetzlichen Gew\u00e4hrleistungsbestimmungen. Die Next2Sun AG \u00fcbernimmt au\u00dferhalb der Eigenkomponenten und der dazugeh\u00f6rigen Garantiebedingungen keine Garantie. Garantien der einzelnen Komponenten (Module, Wechselrichter, Speicher, \u2026) richten sich nach den jeweiligen Herstellerbestimmungen, sofern die Hersteller daf\u00fcr haften (Herstellergarantie).\n<h4>9. R\u00fccktritt<\/h4>\nBeide Parteien k\u00f6nnen vom gesetzlichen R\u00fccktrittsrecht Gebrauch machen.\n<h4>10. Schadenersatzanspr\u00fcche<\/h4>\nNext2Sun haftet nicht f\u00fcr leicht fahrl\u00e4ssig verursachte Sachsch\u00e4den. Gegen\u00fcber Vertragspartner, welche keine Verbraucher im Sinne des KSchG sind, haftet Next2Sun auch nicht f\u00fcr Sachsch\u00e4den, welche durch schlicht grobe Fahrl\u00e4ssigkeit verursacht wurden.\n<h4>11. Werbung<\/h4>\nDer Kunde erkl\u00e4rt sich damit einverstanden, dass Next2Sun Fotos und Grafiken der Anlage zu Werbezwecken ver\u00f6ffentlichen darf.\n<h4>12. Einspeisung der elektrischen Energie<\/h4>\nF\u00fcr die Einspeisung der elektrischen Energie in das Netz ist ein Vertrag zwischen dem \u00f6ffentlichen Netzbetreiber und dem Kunden notwendig, der Abschluss obliegt dem Kunden.\n<h4>13. Schlussbedingungen<\/h4>\nEs bestehen keine m\u00fcndlichen Nebenabreden.\t\t\t\t\t\t\t\t<\/div>\n\t\t\t\t<\/div>\n\t\t\t\t\t<\/div>\n\t\t<\/div>\n\t\t\t\t\t<\/div>\n\t\t<\/section>\n\t\t\t\t<\/div>\n\t\t","protected":false},"excerpt":{"rendered":"<p>AGB Unsere AGB Allgemeine Gesch\u00e4ftsbedingungen Allgemeine Gesch\u00e4ftsbedingungen der Next2Sun Technology GmbH, g\u00fcltig ab 1.1.2022 Anbieter: Next2Sun AG (nachfolgend Next2Sun genannt)Adresse: 66763 Dillingen, Franz-Meguin-Str. 10aHRB 108025 | Amtsgericht Saarbr\u00fcckenE-Mail: info@next2sun.de 1. Allgemeines Vertragsabschluss und Leistungen erfolgen ausschlie\u00dflich auf Grund dieser AGBs. \u00c4nderungen haben schriftlich zu erfolgen. 2. Angebote Die erstellten Angebote sind 7 Tage g\u00fcltig und [&hellip;]<\/p>\n","protected":false},"author":1,"featured_media":0,"parent":0,"menu_order":115,"comment_status":"closed","ping_status":"closed","template":"","meta":{"_acf_changed":false,"footnotes":""},"class_list":["post-2698","page","type-page","status-publish","hentry"],"acf":[],"_links":{"self":[{"href":"https:\/\/partner.next2sun.com\/en\/wp-json\/wp\/v2\/pages\/2698","targetHints":{"allow":["GET"]}}],"collection":[{"href":"https:\/\/partner.next2sun.com\/en\/wp-json\/wp\/v2\/pages"}],"about":[{"href":"https:\/\/partner.next2sun.com\/en\/wp-json\/wp\/v2\/types\/page"}],"author":[{"embeddable":true,"href":"https:\/\/partner.next2sun.com\/en\/wp-json\/wp\/v2\/users\/1"}],"replies":[{"embeddable":true,"href":"https:\/\/partner.next2sun.com\/en\/wp-json\/wp\/v2\/comments?post=2698"}],"version-history":[{"count":0,"href":"https:\/\/partner.next2sun.com\/en\/wp-json\/wp\/v2\/pages\/2698\/revisions"}],"wp:attachment":[{"href":"https:\/\/partner.next2sun.com\/en\/wp-json\/wp\/v2\/media?parent=2698"}],"curies":[{"name":"wp","href":"https:\/\/api.w.org\/{rel}","templated":true}]}}